{"id":114,"date":"2025-12-27T13:02:21","date_gmt":"2025-12-27T13:02:21","guid":{"rendered":"https:\/\/hadayatamounte.com\/?post_type=product&#038;p=114"},"modified":"2025-12-30T14:32:09","modified_gmt":"2025-12-30T14:32:09","slug":"djellaba-moderne-confectionnee-a-la-main-par-un-maitre-artisan","status":"publish","type":"product","link":"https:\/\/hadayatamounte.com\/?product=djellaba-moderne-confectionnee-a-la-main-par-un-maitre-artisan","title":{"rendered":"Djellaba moderne confectionn\u00e9e \u00e0 la main par un ma\u00eetre artisan"},"content":{"rendered":"<p data-start=\"55\" data-end=\"524\"><strong data-start=\"55\" data-end=\"121\">Djellaba moderne confectionn\u00e9e \u00e0 la main par un ma\u00eetre artisan<\/strong>, avec une coupe \u00e9l\u00e9gante et actuelle.<br data-start=\"159\" data-end=\"162\" \/>Le tissu est fluide et l\u00e9g\u00e8rement brillant, offrant un rendu chic et raffin\u00e9.<br data-start=\"239\" data-end=\"242\" \/>La broderie fine au niveau du devant et des manches apporte une touche sophistiqu\u00e9e tout en restant sobre.<br data-start=\"348\" data-end=\"351\" data-is-only-node=\"\" \/>Confortable et tendance, cette djellaba est id\u00e9ale pour un usage quotidien comme pour des occasions sp\u00e9ciales.<br data-start=\"461\" data-end=\"464\" \/>Un parfait \u00e9quilibre entre tradition marocaine et modernit\u00e9.<\/p>\n<p data-start=\"526\" data-end=\"535\">\n","protected":false},"excerpt":{"rendered":"<p>Le tissu est fluide et l\u00e9g\u00e8rement brillant, offrant un rendu chic et raffin\u00e9.<br data-start=\"239\" data-end=\"242\" \/>La broderie fine au niveau du devant et des manches apporte une touche sophistiqu\u00e9e tout en restant sobre.<br data-start=\"348\" data-end=\"351\" data-is-only-node=\"\" \/>Confortable et tendance, cette djellaba est id\u00e9ale pour un usage quotidien comme pour des occasions sp\u00e9ciales.<br data-start=\"461\" data-end=\"464\" \/>Un parfait \u00e9quilibre entre tradition marocaine et modernit\u00e9.<\/p>\n","protected":false},"featured_media":242,"comment_status":"open","ping_status":"closed","template":"","meta":[],"product_brand":[20],"product_cat":[22],"product_tag":[],"class_list":{"0":"post-114","1":"product","2":"type-product","3":"status-publish","4":"has-post-thumbnail","6":"product_brand-hadayatamounte","7":"product_cat-kaftan","9":"first","10":"instock","11":"taxable","12":"shipping-taxable","13":"purchasable","14":"product-type-simple"},"_links":{"self":[{"href":"https:\/\/hadayatamounte.com\/index.php?rest_route=\/wp\/v2\/product\/114","targetHints":{"allow":["GET"]}}],"collection":[{"href":"https:\/\/hadayatamounte.com\/index.php?rest_route=\/wp\/v2\/product"}],"about":[{"href":"https:\/\/hadayatamounte.com\/index.php?rest_route=\/wp\/v2\/types\/product"}],"replies":[{"embeddable":true,"href":"https:\/\/hadayatamounte.com\/index.php?rest_route=%2Fwp%2Fv2%2Fcomments&post=114"}],"wp:featuredmedia":[{"embeddable":true,"href":"https:\/\/hadayatamounte.com\/index.php?rest_route=\/wp\/v2\/media\/242"}],"wp:attachment":[{"href":"https:\/\/hadayatamounte.com\/index.php?rest_route=%2Fwp%2Fv2%2Fmedia&parent=114"}],"wp:term":[{"taxonomy":"product_brand","embeddable":true,"href":"https:\/\/hadayatamounte.com\/index.php?rest_route=%2Fwp%2Fv2%2Fproduct_brand&post=114"},{"taxonomy":"product_cat","embeddable":true,"href":"https:\/\/hadayatamounte.com\/index.php?rest_route=%2Fwp%2Fv2%2Fproduct_cat&post=114"},{"taxonomy":"product_tag","embeddable":true,"href":"https:\/\/hadayatamounte.com\/index.php?rest_route=%2Fwp%2Fv2%2Fproduct_tag&post=114"}],"curies":[{"name":"wp","href":"https:\/\/api.w.org\/{rel}","templated":true}]}}