{"id":504,"date":"2025-12-30T15:18:58","date_gmt":"2025-12-30T15:18:58","guid":{"rendered":"https:\/\/hadayatamounte.com\/?post_type=product&#038;p=504"},"modified":"2025-12-30T15:18:58","modified_gmt":"2025-12-30T15:18:58","slug":"tissu-en-cachemire-14963","status":"publish","type":"product","link":"https:\/\/hadayatamounte.com\/?product=tissu-en-cachemire-14963","title":{"rendered":"Tissu en Cachemire \u2013 14963"},"content":{"rendered":"<h3 data-start=\"158\" data-end=\"200\">Tissu en Cachemire \u2013 Hadaya Tamounte<\/h3>\n<p data-start=\"202\" data-end=\"493\">Le\u00a0<strong data-start=\"205\" data-end=\"246\">tissu en cachemire de Hadaya Tamounte<\/strong>\u00a0est un textile de qualit\u00e9, s\u00e9lectionn\u00e9 avec soin pour r\u00e9pondre aux exigences de la couture traditionnelle et moderne. Reconnu pour sa\u00a0<strong data-start=\"381\" data-end=\"420\">douceur, sa l\u00e9g\u00e8ret\u00e9 et son confort<\/strong>, ce tissu offre une sensation agr\u00e9able au toucher et un tomb\u00e9 \u00e9l\u00e9gant.<\/p>\n<p data-start=\"495\" data-end=\"762\">Id\u00e9al pour la confection de\u00a0<strong data-start=\"523\" data-end=\"584\">toub, djellaba, gandoura ou autres pi\u00e8ces traditionnelles<\/strong>, le cachemire se distingue par sa r\u00e9sistance et sa capacit\u00e9 \u00e0 conserver sa beaut\u00e9 dans le temps. Il s\u2019adapte aussi bien \u00e0 un usage quotidien qu\u2019\u00e0 des cr\u00e9ations plus raffin\u00e9es.<\/p>\n<p data-start=\"764\" data-end=\"967\">Utilis\u00e9 au sein de notre coop\u00e9rative, ce tissu contribue \u00e0 la valorisation du\u00a0<strong data-start=\"842\" data-end=\"882\">travail artisanal des femmes rurales<\/strong>, tout en respectant l\u2019authenticit\u00e9 et l\u2019identit\u00e9 du savoir-faire textile marocain.<\/p>\n<p data-start=\"969\" data-end=\"1049\"><img decoding=\"async\" class=\"emoji\" role=\"img\" draggable=\"false\" src=\"https:\/\/s.w.org\/images\/core\/emoji\/17.0.2\/svg\/1f9f5.svg\" alt=\"\ud83e\uddf5\" \/>\u00a0<strong data-start=\"972\" data-end=\"1047\">Tissu de qualit\u00e9 \u2013 Confort naturel \u2013 Adapt\u00e9 \u00e0 la couture traditionnelle<\/strong><\/p>\n","protected":false},"excerpt":{"rendered":"<p>Tissu en Cachemire \u2013 Hadaya Tamounte Le\u00a0tissu en cachemire de Hadaya Tamounte\u00a0est un textile de qualit\u00e9, s\u00e9lectionn\u00e9 avec soin pour r\u00e9pondre aux exigences de la couture traditionnelle et moderne. Reconnu pour sa\u00a0douceur, sa l\u00e9g\u00e8ret\u00e9 et son confort, ce tissu offre une sensation agr\u00e9able au toucher et un tomb\u00e9 \u00e9l\u00e9gant. Id\u00e9al pour la confection de\u00a0toub, djellaba, [&hellip;]<\/p>\n","protected":false},"featured_media":41,"comment_status":"open","ping_status":"closed","template":"","meta":[],"product_brand":[20],"product_cat":[23],"product_tag":[],"class_list":{"0":"post-504","1":"product","2":"type-product","3":"status-publish","4":"has-post-thumbnail","6":"product_brand-hadayatamounte","7":"product_cat-toube","9":"first","10":"instock","11":"taxable","12":"shipping-taxable","13":"purchasable","14":"product-type-simple"},"_links":{"self":[{"href":"https:\/\/hadayatamounte.com\/index.php?rest_route=\/wp\/v2\/product\/504","targetHints":{"allow":["GET"]}}],"collection":[{"href":"https:\/\/hadayatamounte.com\/index.php?rest_route=\/wp\/v2\/product"}],"about":[{"href":"https:\/\/hadayatamounte.com\/index.php?rest_route=\/wp\/v2\/types\/product"}],"replies":[{"embeddable":true,"href":"https:\/\/hadayatamounte.com\/index.php?rest_route=%2Fwp%2Fv2%2Fcomments&post=504"}],"wp:featuredmedia":[{"embeddable":true,"href":"https:\/\/hadayatamounte.com\/index.php?rest_route=\/wp\/v2\/media\/41"}],"wp:attachment":[{"href":"https:\/\/hadayatamounte.com\/index.php?rest_route=%2Fwp%2Fv2%2Fmedia&parent=504"}],"wp:term":[{"taxonomy":"product_brand","embeddable":true,"href":"https:\/\/hadayatamounte.com\/index.php?rest_route=%2Fwp%2Fv2%2Fproduct_brand&post=504"},{"taxonomy":"product_cat","embeddable":true,"href":"https:\/\/hadayatamounte.com\/index.php?rest_route=%2Fwp%2Fv2%2Fproduct_cat&post=504"},{"taxonomy":"product_tag","embeddable":true,"href":"https:\/\/hadayatamounte.com\/index.php?rest_route=%2Fwp%2Fv2%2Fproduct_tag&post=504"}],"curies":[{"name":"wp","href":"https:\/\/api.w.org\/{rel}","templated":true}]}}