{"id":607,"date":"2026-01-02T13:45:27","date_gmt":"2026-01-02T13:45:27","guid":{"rendered":"https:\/\/hadayatamounte.com\/?post_type=product&#038;p=607"},"modified":"2026-01-02T13:45:27","modified_gmt":"2026-01-02T13:45:27","slug":"tunique-traditionnelle-marocaine-fait-main","status":"publish","type":"product","link":"https:\/\/hadayatamounte.com\/?product=tunique-traditionnelle-marocaine-fait-main","title":{"rendered":"Tunique traditionnelle marocaine \u2013 fait main"},"content":{"rendered":"<p>Tunique marocaine traditionnelle pour homme, confectionn\u00e9e dans un tissu blanc \u00e9l\u00e9gant avec finitions artisanales en sfifa rouge et verte. Elle se distingue par une broderie raffin\u00e9e de la carte du Maroc, symbole de fiert\u00e9 et d\u2019identit\u00e9 nationale.<\/p>\n<p>Id\u00e9ale pour un usage professionnel (caf\u00e9s, restaurants, h\u00f4tels) ou pour les occasions sp\u00e9ciales, cette pi\u00e8ce allie authenticit\u00e9 marocaine, confort et modernit\u00e9.<\/p>\n<p>\u2714 Fabrication marocaine<br \/>\n\u2714 Coupe confortable<br \/>\n\u2714 Style traditionnel revisit\u00e9<\/p>\n","protected":false},"excerpt":{"rendered":"<p>Tunique marocaine traditionnelle pour homme, confectionn\u00e9e dans un tissu blanc \u00e9l\u00e9gant avec finitions artisanales en sfifa rouge et verte. Elle se distingue par une broderie raffin\u00e9e de la carte du Maroc, symbole de fiert\u00e9 et d\u2019identit\u00e9 nationale. Id\u00e9ale pour un usage professionnel (caf\u00e9s, restaurants, h\u00f4tels) ou pour les occasions sp\u00e9ciales, cette pi\u00e8ce allie authenticit\u00e9 marocaine, [&hellip;]<\/p>\n","protected":false},"featured_media":605,"comment_status":"open","ping_status":"closed","template":"","meta":[],"product_brand":[20],"product_cat":[25],"product_tag":[],"class_list":{"0":"post-607","1":"product","2":"type-product","3":"status-publish","4":"has-post-thumbnail","6":"product_brand-hadayatamounte","7":"product_cat-tunique-marocain","9":"first","10":"instock","11":"taxable","12":"shipping-taxable","13":"purchasable","14":"product-type-simple"},"_links":{"self":[{"href":"https:\/\/hadayatamounte.com\/index.php?rest_route=\/wp\/v2\/product\/607","targetHints":{"allow":["GET"]}}],"collection":[{"href":"https:\/\/hadayatamounte.com\/index.php?rest_route=\/wp\/v2\/product"}],"about":[{"href":"https:\/\/hadayatamounte.com\/index.php?rest_route=\/wp\/v2\/types\/product"}],"replies":[{"embeddable":true,"href":"https:\/\/hadayatamounte.com\/index.php?rest_route=%2Fwp%2Fv2%2Fcomments&post=607"}],"wp:featuredmedia":[{"embeddable":true,"href":"https:\/\/hadayatamounte.com\/index.php?rest_route=\/wp\/v2\/media\/605"}],"wp:attachment":[{"href":"https:\/\/hadayatamounte.com\/index.php?rest_route=%2Fwp%2Fv2%2Fmedia&parent=607"}],"wp:term":[{"taxonomy":"product_brand","embeddable":true,"href":"https:\/\/hadayatamounte.com\/index.php?rest_route=%2Fwp%2Fv2%2Fproduct_brand&post=607"},{"taxonomy":"product_cat","embeddable":true,"href":"https:\/\/hadayatamounte.com\/index.php?rest_route=%2Fwp%2Fv2%2Fproduct_cat&post=607"},{"taxonomy":"product_tag","embeddable":true,"href":"https:\/\/hadayatamounte.com\/index.php?rest_route=%2Fwp%2Fv2%2Fproduct_tag&post=607"}],"curies":[{"name":"wp","href":"https:\/\/api.w.org\/{rel}","templated":true}]}}